{"id":5156,"date":"2025-04-03T18:57:15","date_gmt":"2025-04-03T18:57:15","guid":{"rendered":"https:\/\/sam.studiobuffo.com.pl\/?page_id=5156"},"modified":"2025-07-29T14:21:38","modified_gmt":"2025-07-29T14:21:38","slug":"o-nas-new","status":"publish","type":"page","link":"https:\/\/sam.studiobuffo.com.pl\/?page_id=5156","title":{"rendered":"O nas"},"content":{"rendered":"<div class=\"wp-block-image\">\n<figure class=\"aligncenter\"><a href=\"http:\/\/studiobuffo.com.pl\/stArt\/wp-content\/uploads\/2010\/03\/1427810209551aa7a1b5ca3.jpeg\"><img loading=\"lazy\" decoding=\"async\" width=\"600\" height=\"398\" src=\"http:\/\/studiobuffo.com.pl\/stArt\/wp-content\/uploads\/2010\/03\/1427810209551aa7a1b5ca3.jpeg\" alt=\"\" class=\"wp-image-932\" srcset=\"https:\/\/sam.studiobuffo.com.pl\/wp-content\/uploads\/2010\/03\/1427810209551aa7a1b5ca3.jpeg 600w, https:\/\/sam.studiobuffo.com.pl\/wp-content\/uploads\/2010\/03\/1427810209551aa7a1b5ca3-300x199.jpeg 300w\" sizes=\"(max-width: 600px) 100vw, 600px\" \/><\/a><\/figure><\/div>\n\n\n<p>Za\u0142o\u017cycielem Studia Artystycznego Metro dzia\u0142aj\u0105cego przy teatrze Studio Buffo jest Janusz J\u00f3zefowicz.<\/p>\n\n\n\n<p>\u201cZdobyli\u015bmy do\u015bwiadczenie podczas pracy z m\u0142odymi uzdolnionymi lud\u017ami przy realizacji musicalu METRO. Ukszta\u0142towa\u0142a si\u0119 przy tym kadra wspania\u0142ych pedagog\u00f3w. Trzeba by\u0142o to wykorzysta\u0107.&nbsp;<br>I tak powsta\u0142 pomys\u0142 utworzenia Studia Artystycznego\u201d \u2013 wspomina w jednym z wywiad\u00f3w Janusz J\u00f3zefowicz.<\/p>\n\n\n\n<p>Co roku w Studio uczy si\u0119 oko\u0142o 250 dzieci, kt\u00f3re ucz\u0119szczaj\u0105 na zaj\u0119cia wokalne, taneczne, aktorskie oraz akrobatyk\u0119. Uczestnicy tych zaj\u0119\u0107 poznaj\u0105 techniki <br>i umiej\u0119tno\u015bci, kt\u00f3re s\u0105 form\u0105 artystycznej wypowiedzi w \u015bwiecie musicalu. <br>Dwa razy do roku, podczas specjalnych pokaz\u00f3w, nasi podopieczni maj\u0105 szans\u0119 zaprezentowania swoich umiej\u0119tno\u015bci na scenie naszego teatru. Najbardziej utalentowane dzieci i m\u0142odzie\u017c Studia Artystycznego Metro trafiaj\u0105 do zespo\u0142u Teatru Studio Buffo. Absolwent\u00f3w&nbsp; Studia Artystycznego Metro&nbsp; mo\u017cna zobaczy\u0107 dzi\u015b w musicalach <br>Romeo i Julia, Metro, Piotru\u015b Pan, Mistrz i Ma\u0142gorzata, oraz w wielu innych projektach teatralnych, telewizyjnych i filmowych.<\/p>\n\n\n\n<p>M\u0142ody cz\u0142owieku, je\u017celi czujesz, \u017ce drzemi\u0105 w tobie jakie\u015b artystyczne talenty, je\u017celi marzysz o artystycznej karierze -to przyjd\u017a do nas \u2013 zach\u0119ca Janusz J\u00f3zefowicz.<\/p>\n\n\n\n<p><strong>Kadra:<\/strong><\/p>\n\n\n\n<p>Opieka artystyczna: Janusz J\u00f3zefowicz i Janusz Stok\u0142osa<\/p>\n\n\n\n<p>Kadra artystyczno-pedagogiczna:<\/p>\n\n\n\n<ol class=\"wp-block-list\">\n<li>Mariola Napieralska \u2013 absolwentka Collage of Performing Arts Roosevelt University of Chicago \u2013 Vocal Jazz,<\/li>\n\n\n\n<li>Ewelina Kordy &#8211; Absolwentka wokalistyki na wydziale Jazzu i Muzyki Rozrywkowej Akademii Muzycznej w Katowicach,<\/li>\n\n\n\n<li>Beata Urba\u0144ska \u2013 absolwentka Pa\u0144stwowej Szko\u0142y Baletowej w Poznaniu, <br>mgr studi\u00f3w pedagogicznych WSP ZNP Warszawa, tancerka, choreograf. <br>By\u0142a w pierwszej obsadzie musicalu ,,Metro\u201d w Warszawie i na Broadwayu,<\/li>\n\n\n\n<li>Beata \u201eWisienka\u201d Gonciarz \u2013 absolwentka Akademii Wychowania Fizycznego <br>w Warszawie, Mistrzyni Polski w gimnastyce sportowej,<\/li>\n\n\n\n<li>Ma\u0142gorzata Lewi\u0144ska &#8211; absolwentka warszawskiej PWST, aktorka teatralna i filmowa,<\/li>\n\n\n\n<li>Zuzanna Gai\u0144ska &#8211; aktorka teatralna i filmowa,<\/li>\n\n\n\n<li>Piotr Tolak &#8211; wykwalifikowany instruktor rekreacji ruchowej &#8211; specjalizacja taniec HIP HOP. Wsp\u00f3\u0142za\u0142o\u017cyciel studia ta\u0144ca Brothers Dance Studio w Legionowie. Od lat trener formacji Hip Hopowych zdobywaj\u0105cych najwy\u017csze miejsca na podium.<\/li>\n\n\n\n<li>Alicja Grochowska &#8211; Absolwentka Akademii Wychowania Fizycznego w Warszawie, trener II klasy w gimnastyce sportowej,<\/li>\n\n\n\n<li>Jakub Valles Monteagudo &#8211; Mistrz Polski w gimnastyce sportowej. Absolwent Akademii Wychowania Fizycznego w Krakowie i Warszawie. Pracowa\u0142 w Cirque de Soleil w Montrealu. <\/li>\n\n\n\n<li>Matusz Jakubiec &#8211; aktor i wokalista<\/li>\n\n\n\n<li>Inga Go\u0142\u0119biowska &#8211; tancerka w teatrze Studio Buffo<\/li>\n<\/ol>\n\n\n\n<p>Przez 30 sezon\u00f3w koordynatorem dzia\u0142alno\u015bci Studia Artystycznego Metro by\u0142a Danuta Fidusiewicz. Dzi\u0119ki jej zaanga\u017cowaniu i do\u015bwiadczeniu w pracy z utalentowan\u0105 artystycznie m\u0142odzie\u017c\u0105, zdobytym m.in. podczas tworzenia musicalu Metro, SAM sta\u0142o si\u0119 cz\u0119\u015bci\u0105 legendy tego Musicalu i pi\u0119kn\u0105 przygoda dla wielu pokole\u0144.&nbsp;<\/p>\n\n\n\n<p>DZI\u0118KUJEMY!<\/p>\n\n\n","protected":false},"excerpt":{"rendered":"<p>Za\u0142o\u017cycielem Studia Artystycznego Metro dzia\u0142aj\u0105cego przy teatrze Studio Buffo jest Janusz J\u00f3zefowicz. \u201cZdobyli\u015bmy do\u015bwiadczenie podczas pracy z m\u0142odymi uzdolnionymi lud\u017ami przy realizacji musicalu METRO. Ukszta\u0142towa\u0142a si\u0119 przy tym kadra wspania\u0142ych pedagog\u00f3w. Trzeba by\u0142o to wykorzysta\u0107.&nbsp;I tak powsta\u0142 pomys\u0142 utworzenia Studia Artystycznego\u201d \u2013 wspomina w jednym z wywiad\u00f3w Janusz J\u00f3zefowicz. Co roku w Studio uczy si\u0119 [&hellip;]<\/p>\n","protected":false},"author":2,"featured_media":0,"parent":0,"menu_order":0,"comment_status":"closed","ping_status":"closed","template":"","meta":{"saved_in_kubio":true,"footnotes":""},"class_list":["post-5156","page","type-page","status-publish","hentry"],"kubio_ai_page_context":{"short_desc":"","purpose":"general"},"_links":{"self":[{"href":"https:\/\/sam.studiobuffo.com.pl\/index.php?rest_route=\/wp\/v2\/pages\/5156","targetHints":{"allow":["GET"]}}],"collection":[{"href":"https:\/\/sam.studiobuffo.com.pl\/index.php?rest_route=\/wp\/v2\/pages"}],"about":[{"href":"https:\/\/sam.studiobuffo.com.pl\/index.php?rest_route=\/wp\/v2\/types\/page"}],"author":[{"embeddable":true,"href":"https:\/\/sam.studiobuffo.com.pl\/index.php?rest_route=\/wp\/v2\/users\/2"}],"replies":[{"embeddable":true,"href":"https:\/\/sam.studiobuffo.com.pl\/index.php?rest_route=%2Fwp%2Fv2%2Fcomments&post=5156"}],"version-history":[{"count":23,"href":"https:\/\/sam.studiobuffo.com.pl\/index.php?rest_route=\/wp\/v2\/pages\/5156\/revisions"}],"predecessor-version":[{"id":5291,"href":"https:\/\/sam.studiobuffo.com.pl\/index.php?rest_route=\/wp\/v2\/pages\/5156\/revisions\/5291"}],"wp:attachment":[{"href":"https:\/\/sam.studiobuffo.com.pl\/index.php?rest_route=%2Fwp%2Fv2%2Fmedia&parent=5156"}],"curies":[{"name":"wp","href":"https:\/\/api.w.org\/{rel}","templated":true}]}}