{"id":7,"date":"2010-03-07T14:30:19","date_gmt":"2010-03-07T14:30:19","guid":{"rendered":"http:\/\/studiobuffo.com.pl\/stArt\/?page_id=7"},"modified":"2025-09-10T12:43:00","modified_gmt":"2025-09-10T12:43:00","slug":"7-2","status":"publish","type":"page","link":"https:\/\/sam.studiobuffo.com.pl\/?page_id=7","title":{"rendered":"Plan"},"content":{"rendered":"\n<p class=\"has-text-align-center\">&nbsp;<\/p>\n\n\n\n<h3 class=\"wp-block-heading has-text-align-center\"><span style=\"color: #ff0000;\"><strong>33 sezon \u2013 2025\/2026<br><\/strong><\/span><span style=\"color: #ff0000;\"><strong>Studio Artystyczne Metro<br><\/strong><\/span><span style=\"color: #ff0000;\"><strong>dzia\u0142aj\u0105ce przy Teatrze Studio Buffo w Warszawie<\/strong><\/span><\/h3>\n\n\n\n<hr class=\"wp-block-separator has-alpha-channel-opacity\"\/>\n\n\n\n<h3 class=\"wp-block-heading has-text-align-center\"><strong>PLAN ZAJ\u0118\u0106 GRUP STUDIA ARTYSTYCZNEGO METRO<\/strong><\/h3>\n\n\n\n<p class=\"has-text-align-center\">dzia\u0142aj\u0105cego przy Teatrze Studio Buffo w Warszawie<\/p>\n\n\n\n<p class=\"has-text-align-center\">Zaj\u0119cia odbywaj\u0105 si\u0119 w sobot\u0119 i niedziel\u0119 wed\u0142ug poni\u017cszego planu<\/p>\n\n\n\n\n\n<hr class=\"wp-block-separator has-alpha-channel-opacity\"\/>\n\n\n\n<h3 class=\"wp-block-heading has-text-align-center\">ORGANIZACJA ROKU SZKOLNEGO 2025\/2026<\/h3>\n\n\n\n<figure class=\"wp-block-table\"><table><tbody><tr><td class=\"has-text-align-center\" data-align=\"center\">01.09.2025r.<\/td><td class=\"has-text-align-center\" data-align=\"center\">Rozpocz\u0119cie zaj\u0119\u0107 dydaktycznych w szko\u0142ach<\/td><\/tr><tr><td class=\"has-text-align-center\" data-align=\"center\">05.09.2025r.<\/td><td class=\"has-text-align-center\" data-align=\"center\"><a href=\"https:\/\/sam.studiobuffo.com.pl\/?p=5110\" data-type=\"link\" data-id=\"https:\/\/sam.studiobuffo.com.pl\/?p=5110\">Przes\u0142uchanie do grup wokalnych (g. 18:00)<\/a><\/td><\/tr><tr><td class=\"has-text-align-center\" data-align=\"center\"><strong>06.09.2025r.<\/strong><\/td><td class=\"has-text-align-center\" data-align=\"center\"><strong>Rozpocz\u0119cie zaj\u0119\u0107 artystycznych Studia Art. Metro<\/strong><\/td><\/tr><tr><td class=\"has-text-align-center\" data-align=\"center\"><strong>14.12.2025r.<\/strong><\/td><td class=\"has-text-align-center\" data-align=\"center\"><strong>Zimowy \u201ePokaz \u015awi\u0105teczny\u201d SAM<\/strong><\/td><\/tr><tr><td class=\"has-text-align-center\" data-align=\"center\">20.12 -04.01.2026r.<\/td><td class=\"has-text-align-center\" data-align=\"center\">Zimowa przerwa \u015bwi\u0105teczna<\/td><\/tr><tr><td class=\"has-text-align-center\" data-align=\"center\">19.01-01.02.2026r.&nbsp;<\/td><td class=\"has-text-align-center\" data-align=\"center\">Ferie zimowe<\/td><\/tr><tr><td class=\"has-text-align-center\" data-align=\"center\">04-05.04.2026r.<\/td><td class=\"has-text-align-center\" data-align=\"center\">Wiosenna przerwa \u015bwi\u0105teczna<\/td><\/tr><tr><td class=\"has-text-align-center\" data-align=\"center\"><strong>21.06.2026r.<\/strong><\/td><td class=\"has-text-align-center\" data-align=\"center\"><strong>Zako\u0144czenie roku artystycznego \u2013 Pokaz SAM<\/strong><\/td><\/tr><tr><td class=\"has-text-align-center\" data-align=\"center\">26.06.2026r.<\/td><td class=\"has-text-align-center\" data-align=\"center\">Zako\u0144czenie zaj\u0119\u0107 dydaktycznych w szko\u0142ach<\/td><\/tr><\/tbody><\/table><\/figure>\n\n\n\n<hr class=\"wp-block-separator has-alpha-channel-opacity\"\/>\n\n\n\n<h3 class=\"wp-block-heading has-text-align-center\">LICZBA ZAJ\u0118\u0106 W POSZCZEG\u00d3LNYCH MIESI\u0104CACH &#8211; daty<\/h3>\n\n\n\n<figure class=\"wp-block-table\"><table><tbody><tr><td class=\"has-text-align-center\" data-align=\"center\"><strong>MIESI\u0104C&nbsp;&nbsp; \ua71c<\/strong><\/td><td class=\"has-text-align-center\" data-align=\"center\"><strong>1 tydzie\u0144<\/strong><br>sobota\/ niedziela<\/td><td class=\"has-text-align-center\" data-align=\"center\"><strong>2 tydzie\u0144<\/strong><br>sobota\/ niedziela<\/td><td class=\"has-text-align-center\" data-align=\"center\"><strong>3 tydzie\u0144<\/strong><br>sobota\/ niedziela<\/td><td class=\"has-text-align-center\" data-align=\"center\"><strong>4 tydzie\u0144<\/strong> <br>sobota\/ niedziela<\/td><td class=\"has-text-align-center\" data-align=\"center\"><strong>5 tydzie\u0144<\/strong> <br>sobota\/ niedziela<\/td><td class=\"has-text-align-center\" data-align=\"center\"><strong>Razem<\/strong><\/td><\/tr><tr><td class=\"has-text-align-center\" data-align=\"center\"><strong>WRZESIE\u0143\u201925<\/strong><\/td><td class=\"has-text-align-center\" data-align=\"center\">6\/7<\/td><td class=\"has-text-align-center\" data-align=\"center\">13\/14<\/td><td class=\"has-text-align-center\" data-align=\"center\">20\/21<\/td><td class=\"has-text-align-center\" data-align=\"center\">27\/28<\/td><td class=\"has-text-align-center\" data-align=\"center\">&#8211;<\/td><td class=\"has-text-align-center\" data-align=\"center\">8<\/td><\/tr><tr><td class=\"has-text-align-center\" data-align=\"center\"><strong>PA\u0179DZIERNIK\u201925<\/strong><\/td><td class=\"has-text-align-center\" data-align=\"center\">4\/5<\/td><td class=\"has-text-align-center\" data-align=\"center\">11\/12<\/td><td class=\"has-text-align-center\" data-align=\"center\">18\/19<\/td><td class=\"has-text-align-center\" data-align=\"center\">25\/26<\/td><td class=\"has-text-align-center\" data-align=\"center\">&#8211;<\/td><td class=\"has-text-align-center\" data-align=\"center\">8<\/td><\/tr><tr><td class=\"has-text-align-center\" data-align=\"center\"><strong>LISTOPAD\u201925<\/strong><\/td><td class=\"has-text-align-center\" data-align=\"center\">&#8211;<\/td><td class=\"has-text-align-center\" data-align=\"center\">8\/9<\/td><td class=\"has-text-align-center\" data-align=\"center\">15\/16<\/td><td class=\"has-text-align-center\" data-align=\"center\">22\/23<\/td><td class=\"has-text-align-center\" data-align=\"center\">29\/30<\/td><td class=\"has-text-align-center\" data-align=\"center\">8<\/td><\/tr><tr><td class=\"has-text-align-center\" data-align=\"center\"><strong>GRUDZIE\u0143\u201925<\/strong><\/td><td class=\"has-text-align-center\" data-align=\"center\">6\/7<\/td><td class=\"has-text-align-center\" data-align=\"center\">13\/<strong>14<\/strong><\/td><td class=\"has-text-align-center\" data-align=\"center\">&#8211;<\/td><td class=\"has-text-align-center\" data-align=\"center\">&#8211;<\/td><td class=\"has-text-align-center\" data-align=\"center\">&#8211;<\/td><td class=\"has-text-align-center\" data-align=\"center\">4<\/td><\/tr><tr><td class=\"has-text-align-center\" data-align=\"center\"><strong>STYCZE\u0143\u201926<\/strong><\/td><td class=\"has-text-align-center\" data-align=\"center\">&#8211;<\/td><td class=\"has-text-align-center\" data-align=\"center\">10\/11<\/td><td class=\"has-text-align-center\" data-align=\"center\">17\/18<\/td><td class=\"has-text-align-center\" data-align=\"center\">&#8211;<\/td><td class=\"has-text-align-center\" data-align=\"center\">&#8211;<\/td><td class=\"has-text-align-center\" data-align=\"center\">4<\/td><\/tr><tr><td class=\"has-text-align-center\" data-align=\"center\"><strong>LUTY\u201926<\/strong><\/td><td class=\"has-text-align-center\" data-align=\"center\">&#8211;<\/td><td class=\"has-text-align-center\" data-align=\"center\">7\/8<\/td><td class=\"has-text-align-center\" data-align=\"center\">14\/15<\/td><td class=\"has-text-align-center\" data-align=\"center\">21\/22<\/td><td class=\"has-text-align-center\" data-align=\"center\">28\/01.03<\/td><td class=\"has-text-align-center\" data-align=\"center\">8<\/td><\/tr><tr><td class=\"has-text-align-center\" data-align=\"center\"><strong>MARZEC\u201926<\/strong><\/td><td class=\"has-text-align-center\" data-align=\"center\">&#8211;<\/td><td class=\"has-text-align-center\" data-align=\"center\">7\/8<\/td><td class=\"has-text-align-center\" data-align=\"center\">14\/15<\/td><td class=\"has-text-align-center\" data-align=\"center\">21\/22<\/td><td class=\"has-text-align-center\" data-align=\"center\">28\/29<\/td><td class=\"has-text-align-center\" data-align=\"center\">8<\/td><\/tr><tr><td class=\"has-text-align-center\" data-align=\"center\"><strong>KWIECIE\u0143\u201926<\/strong><\/td><td class=\"has-text-align-center\" data-align=\"center\">&#8211;<\/td><td class=\"has-text-align-center\" data-align=\"center\">11\/12<\/td><td class=\"has-text-align-center\" data-align=\"center\">18\/19<\/td><td class=\"has-text-align-center\" data-align=\"center\">25\/26<\/td><td class=\"has-text-align-center\" data-align=\"center\">&#8211;<\/td><td class=\"has-text-align-center\" data-align=\"center\">6<\/td><\/tr><tr><td class=\"has-text-align-center\" data-align=\"center\"><strong>MAJ\u201926<\/strong><\/td><td class=\"has-text-align-center\" data-align=\"center\">&#8211;<\/td><td class=\"has-text-align-center\" data-align=\"center\">9\/10<\/td><td class=\"has-text-align-center\" data-align=\"center\">16\/17<\/td><td class=\"has-text-align-center\" data-align=\"center\">23\/24<\/td><td class=\"has-text-align-center\" data-align=\"center\">30\/31<\/td><td class=\"has-text-align-center\" data-align=\"center\">8<\/td><\/tr><tr><td class=\"has-text-align-center\" data-align=\"center\"><strong>CZERWIEC\u201926<\/strong><\/td><td class=\"has-text-align-center\" data-align=\"center\">6\/7<\/td><td class=\"has-text-align-center\" data-align=\"center\">13\/14<\/td><td class=\"has-text-align-center\" data-align=\"center\">20\/<strong>21<\/strong><\/td><td class=\"has-text-align-center\" data-align=\"center\">&#8211;<\/td><td class=\"has-text-align-center\" data-align=\"center\">&#8211;<\/td><td class=\"has-text-align-center\" data-align=\"center\">6<\/td><\/tr><\/tbody><\/table><\/figure>\n\n\n\n<p><\/p>\n","protected":false},"excerpt":{"rendered":"<p>&nbsp; 33 sezon \u2013 2025\/2026Studio Artystyczne Metrodzia\u0142aj\u0105ce przy Teatrze Studio Buffo w Warszawie PLAN ZAJ\u0118\u0106 GRUP STUDIA ARTYSTYCZNEGO METRO dzia\u0142aj\u0105cego przy Teatrze Studio Buffo w Warszawie Zaj\u0119cia odbywaj\u0105 si\u0119 w sobot\u0119 i niedziel\u0119 wed\u0142ug poni\u017cszego planu ORGANIZACJA ROKU SZKOLNEGO 2025\/2026 01.09.2025r. Rozpocz\u0119cie zaj\u0119\u0107 dydaktycznych w szko\u0142ach 05.09.2025r. Przes\u0142uchanie do grup wokalnych (g. 18:00) 06.09.2025r. Rozpocz\u0119cie [&hellip;]<\/p>\n","protected":false},"author":2,"featured_media":0,"parent":0,"menu_order":2,"comment_status":"open","ping_status":"closed","template":"","meta":{"saved_in_kubio":true,"footnotes":""},"class_list":["post-7","page","type-page","status-publish","hentry"],"kubio_ai_page_context":{"short_desc":"","purpose":"general"},"_links":{"self":[{"href":"https:\/\/sam.studiobuffo.com.pl\/index.php?rest_route=\/wp\/v2\/pages\/7","targetHints":{"allow":["GET"]}}],"collection":[{"href":"https:\/\/sam.studiobuffo.com.pl\/index.php?rest_route=\/wp\/v2\/pages"}],"about":[{"href":"https:\/\/sam.studiobuffo.com.pl\/index.php?rest_route=\/wp\/v2\/types\/page"}],"author":[{"embeddable":true,"href":"https:\/\/sam.studiobuffo.com.pl\/index.php?rest_route=\/wp\/v2\/users\/2"}],"replies":[{"embeddable":true,"href":"https:\/\/sam.studiobuffo.com.pl\/index.php?rest_route=%2Fwp%2Fv2%2Fcomments&post=7"}],"version-history":[{"count":406,"href":"https:\/\/sam.studiobuffo.com.pl\/index.php?rest_route=\/wp\/v2\/pages\/7\/revisions"}],"predecessor-version":[{"id":5342,"href":"https:\/\/sam.studiobuffo.com.pl\/index.php?rest_route=\/wp\/v2\/pages\/7\/revisions\/5342"}],"wp:attachment":[{"href":"https:\/\/sam.studiobuffo.com.pl\/index.php?rest_route=%2Fwp%2Fv2%2Fmedia&parent=7"}],"curies":[{"name":"wp","href":"https:\/\/api.w.org\/{rel}","templated":true}]}}